
{"id":266,"date":"2019-01-16T11:22:59","date_gmt":"2019-01-16T11:22:59","guid":{"rendered":"https:\/\/www.rmservicesrl.it\/?page_id=266"},"modified":"2019-02-05T08:52:46","modified_gmt":"2019-02-05T08:52:46","slug":"art13","status":"publish","type":"page","link":"https:\/\/www.rmservicesrl.it\/it\/art13\/","title":{"rendered":"Informativa ai sensi dell&#8217;art. 13 del Regolamento UE 2016\/679"},"content":{"rendered":"<p><em>(Versione aggiornata al 25 maggio 2018)<\/em><\/p>\n<p><strong>RM Service S.r.l. <\/strong>(di seguito, per brevit\u00e0, \u201cRM Service\u201d e\/o \u201cil Titolare\u201d) \u00e8 particolarmente attenta agli aspetti riguardanti la privacy di coloro i quali intendono mettersi in contatto con il Titolare mediante l\u2019inserimento dei propri dati personali nella sezione \u00abContatti\u00bb presente sul sito <a href=\"http:\/\/www.rmservicesrl.\">www.rmservicesrl.it.<\/a><\/p>\n<p>Pertanto, attraverso questa informativa generale resa nel pieno rispetto del Regolamento UE 2016\/679 \u201c<em>Regolamento relativo alla protezione delle persone fisiche con riguardo al trattamento dei dati personali, nonch\u00e9 alla libera circolazione di tali dati<\/em>\u201d (in seguito Reg. UE), RM Service, in qualit\u00e0 di Titolare del trattamento, intende descrivere compiutamente le modalit\u00e0 di gestione, trattamento e protezione dei dati personali forniti.<\/p>\n<h4>TITOLARE DEL TRATTAMENTO<\/h4>\n<p>Il Titolare del Trattamento dei dati \u00e8 <strong>RM Service S.r.l. <\/strong>con sede in 24060 &#8211; Credaro (BG), Via G. Rossini n. 28, Codice Fiscale\/P. IVA: 03631100165, Tel. 035\/4260942, Fax 035\/4260939.<\/p>\n<h4>CATEGORIA DEI DATI<\/h4>\n<p>I dati raccolti dal Titolare sono esclusivamente dati comuni (Nome, Cognome, Azienda, Indirizzo, Telefono\/Fax, Partita IVA\/Codice Fiscale, Email).<\/p>\n<h4>BASE GIURIDICA E FINALIT\u00c0 DEL TRATTAMENTO<\/h4>\n<p>La base giuridica del trattamento \u00e8 il legittimo interesse del Titolare di:<\/p>\n<ol>\n<li>dar riscontro all\u2019interessato ed eseguire il servizio o la prestazione richiesta, ivi compresa la gestione di eventuali candidature inviate spontaneamente dall\u2019utente.<\/li>\n<\/ol>\n<p>Inoltre, previo Suo esplicito consenso, i dati forniti saranno trattati:<\/p>\n<ol>\n<li>per l\u2019invio da parte di RM Service di materiale informativo e pubblicitario nonch\u00e9 di comunicazioni commerciali,<\/li>\n<li>per lo svolgimento di attivit\u00e0 di vendita diretta,<\/li>\n<li>per sondaggi d\u2019opinione.<\/li>\n<\/ol>\n<h4>CONSEGUENZE DELLA MANCATA COMUNICAZIONE DEI DATI PERSONALI<\/h4>\n<p>Il conferimento dei dati personali per le finalit\u00e0 di cui al punto a) \u00e8 facoltativo e finalizzato unicamente a dare seguito alle richieste dell\u2019utente. Pertanto, il mancato conferimento dei dati predetti render\u00e0 impossibile la risposta da parte di RM Service.<\/p>\n<p>Il conferimento dei dati personali da parte dell\u2019utente per le finalit\u00e0 di cui ai punti b), c), d) \u00e8 subordinato all\u2019ottenimento del consenso da parte dell\u2019utente stesso, pertanto tali attivit\u00e0 non saranno espletate da RM Service nel caso in cui non ne abbia ottenuto il consenso ai sensi dell\u2019art. 7 del Reg. UE.<\/p>\n<h4>MODALIT\u00c0 DEL TRATTAMENTO<\/h4>\n<p>Il trattamento, realizzato solo da personale direttamente autorizzato dal Titolare, \u00e8 effettuato secondo principi di correttezza, liceit\u00e0, trasparenza e pu\u00f2 essere svolto con o senza l\u2019ausilio di strumenti elettronici, o comunque automatizzati. Tale trattamento comprender\u00e0 tutte le operazioni previste dall\u2019art. 4, n. 2, Reg. UE (raccolta, registrazione, organizzazione, strutturazione, conservazione, adattamento o modifica, estrazione, consultazione, uso, comunicazione mediante trasmissione, diffusione o qualsiasi altra forma di messa a disposizione, raffronto o interconnessione, limitazione, cancellazione o distruzione dei dati) e necessarie al trattamento in questione, ivi inclusa la comunicazione nei confronti dei soggetti elencati al successivo paragrafo \u201c<em>Comunicazione dei dati<\/em>\u201d. I dati saranno registrati e conservati sia in archivi cartacei che informatici, secondo principi di correttezza, liceit\u00e0, trasparenza, con sistemi organizzativi correlati alle finalit\u00e0 del trattamento. Inoltre, per proteggere i dati da distruzione o perdita (anche accidentale) nonch\u00e9 per garantirne l\u2019integrit\u00e0 e la riservatezza (anche contro l\u2019accesso o la divulgazione non autorizzati) e in generale per assicurare i diritti dell\u2019interessato, il Titolare ha adottato misure di sicurezza di natura tecnica e organizzativa, in conformit\u00e0 con quanto stabilito dal Reg. UE (con particolare riferimento agli artt. 24, 32 e 35).<\/p>\n<h4>PROFILAZIONE<\/h4>\n<p>In caso di esplicito consenso, i dati personali forniti potranno essere profilati dal Titolare solo al proprio interno per finalit\u00e0 statistiche\/comparative, per una migliore gestione dei servizi offerti ovvero per la creazione di profili commerciali e\/o per l\u2019analisi delle preferenze degli utenti registrati. Il trattamento dei dati personali per finalit\u00e0 di profilazione avverr\u00e0 con strumenti e con modalit\u00e0 adeguate e conformi alle richieste del Reg. UE, al fine anche di tutelare diritti, libert\u00e0 e legittimi interessi dell&#8217;interessato.<\/p>\n<h4>COMUNICAZIONE DEI DATI<\/h4>\n<p>I dati personali potranno essere comunicati a soggetti autorizzati al trattamento dei dati (dipendenti del Titolare), ai sensi dell\u2019art. 29 del Reg. UE, per la finalit\u00e0 sopra indicate. I dati raccolti potranno altres\u00ec essere comunicati a soggetti esterni alle societ\u00e0, nominati Responsabili del trattamento ai sensi dell\u2019art. 28 Reg. UE, che operano per conto del Titolare e secondo le sue istruzioni, ma esclusivamente per attivit\u00e0 strettamente connesse alle finalit\u00e0 sopra indicate. \u00c8 possibile ottenere un elenco aggiornato dei Responsabili del trattamento rivolgendosi al Titolare del trattamento.<\/p>\n<h4>DIFFUSIONE DEI DATI<\/h4>\n<p>I dati personali raccolti per le finalit\u00e0 indicate non saranno oggetto di diffusione.<\/p>\n<h4>PERIODO DI CONSERVAZIONE DEI DATI<\/h4>\n<p>RM Service tratter\u00e0 i dati personali per il tempo necessario ad adempiere alle finalit\u00e0 sopra indicate e comunque fino ad una eventuale richiesta di cancellazione da parte dell\u2019interessato.<\/p>\n<h4>LUOGO DI CONSERVAZIONE DEI DATI<\/h4>\n<p>I dati personali verranno conservati presso la sede operativa del Titolare e comunque all\u2019interno dell\u2019Unione Europea.<\/p>\n<h4>DIRITTI DELL\u2019INTERESSATO<\/h4>\n<p>L\u2019interessato cui si riferiscono i dati personali ha diritto di chiedere ed ottenere, in qualunque momento, dal Titolare del trattamento, l\u2019accesso (art. 15 Reg. UE), la rettifica (art. 16 Reg. UE) e la cancellazione (c.d. \u00abdiritto all\u2019oblio\u00bb) (art. 17 Reg. UE) dei propri dati personali. All\u2019interessato \u00e8, altres\u00ec, riconosciuto il diritto di limitazione del trattamento dei dati personali (art. 18 Reg. UE), il diritto alla portabilit\u00e0 degli stessi (art. 20 Reg. UE) e il diritto di opporsi, per motivi legittimi, al loro trattamento (art. 21 Reg. UE).<\/p>\n<p>Nei casi in cui il trattamento \u00e8 basato sull\u2019esplicito consenso dell\u2019interessato, quest\u2019ultimo pu\u00f2 sempre revocare il consenso prestato. Ci\u00f2, tuttavia, non pregiudica la liceit\u00e0 del trattamento basato sul consenso prestato prima della revoca.<\/p>\n<p>In ogni caso, l\u2019interessato ha diritto di proporre reclamo al Garante, come previsto dall&#8217;art. 77 Reg. UE, o di adire le opportune sedi giudiziarie ai sensi dell\u2019art. 79, Reg. UE qualora ritenga che il trattamento dei dati personali a lui riferiti sia avvenuto in violazione di quanto previsto dal Reg. UE.<\/p>\n<h4>MODALIT\u00c0 DI ESERCIZIO DEI DIRITTI<\/h4>\n<p>\u00c8 possibile esercitare in qualsiasi momento i diritti dell\u2019interessato sopra individuati inviando una e-mail all\u2019indirizzo <a href=\"mailto:privacy@rmservicesrl.it\">privacy@rmservicesrl.it<\/a> oppure una raccomandata a.r. a <strong>RM Service S.r.l., <\/strong>Via G. Rossini n. 28, 24060 &#8211; Credaro (BG).<\/p>","protected":false},"excerpt":{"rendered":"<p>(Versione aggiornata al 25 maggio 2018) RM Service S.r.l. (di seguito, per brevit\u00e0, \u201cRM Service\u201d e\/o \u201cil Titolare\u201d) \u00e8 particolarmente [&hellip;]<\/p>\n","protected":false},"author":1,"featured_media":0,"parent":0,"menu_order":0,"comment_status":"closed","ping_status":"closed","template":"","meta":{"_acf_changed":false,"footnotes":""},"class_list":["post-266","page","type-page","status-publish","hentry"],"acf":[],"_links":{"self":[{"href":"https:\/\/www.rmservicesrl.it\/it\/wp-json\/wp\/v2\/pages\/266","targetHints":{"allow":["GET"]}}],"collection":[{"href":"https:\/\/www.rmservicesrl.it\/it\/wp-json\/wp\/v2\/pages"}],"about":[{"href":"https:\/\/www.rmservicesrl.it\/it\/wp-json\/wp\/v2\/types\/page"}],"author":[{"embeddable":true,"href":"https:\/\/www.rmservicesrl.it\/it\/wp-json\/wp\/v2\/users\/1"}],"replies":[{"embeddable":true,"href":"https:\/\/www.rmservicesrl.it\/it\/wp-json\/wp\/v2\/comments?post=266"}],"version-history":[{"count":5,"href":"https:\/\/www.rmservicesrl.it\/it\/wp-json\/wp\/v2\/pages\/266\/revisions"}],"predecessor-version":[{"id":277,"href":"https:\/\/www.rmservicesrl.it\/it\/wp-json\/wp\/v2\/pages\/266\/revisions\/277"}],"wp:attachment":[{"href":"https:\/\/www.rmservicesrl.it\/it\/wp-json\/wp\/v2\/media?parent=266"}],"curies":[{"name":"wp","href":"https:\/\/api.w.org\/{rel}","templated":true}]}}