
{"id":234,"date":"2019-01-16T08:11:57","date_gmt":"2019-01-16T08:11:57","guid":{"rendered":"https:\/\/www.rmservicesrl.it\/?page_id=234"},"modified":"2019-02-05T08:33:10","modified_gmt":"2019-02-05T08:33:10","slug":"privacy-policy","status":"publish","type":"page","link":"https:\/\/www.rmservicesrl.it\/it\/privacy-policy\/","title":{"rendered":"Privacy policy"},"content":{"rendered":"<p><em>(Versione aggiornata al 25 maggio 2018)<\/em><\/p>\n<h3>Informativa ai sensi dell&#8217;art. 13 del Regolamento UE 2016\/679<\/h3>\n<p>Gentile Utente, <strong>RM Service S.r.l. <\/strong>(di seguito, per brevit\u00e0, \u201cRM Service\u201d e\/o \u201cil Titolare\u201d) \u00e8 particolarmente attenta agli aspetti riguardanti la privacy dei propri utenti.<\/p>\n<p>Pertanto, attraverso questa pagina, il Titolare intende descrivere le modalit\u00e0 di gestione del proprio sito internet (<a href=\"http:\/\/www.rmservicesrl.\">www.rmservicesrl.it<\/a>) con riferimento al trattamento e alla protezione dei dati personali degli utenti che vi accedono.<\/p>\n<p>Si tratta di un\u2019informativa generale resa nel rispetto del Regolamento UE 2016\/679 \u201c<em>Regolamento relativo alla protezione delle persone fisiche con riguardo al trattamento dei dati personali, nonch\u00e9 alla libera circolazione di tali dati<\/em>&#8221; (in seguito Reg. UE) per il solo sito istituzionale di RM Service e non anche per altri siti web eventualmente consultati dall\u2019utente tramite link presenti nelle sue pagine per i quali il Titolare non \u00e8 in alcun modo responsabile.<\/p>\n<ol>\n<li>\n<h4>Titolare del Trattamento<\/h4>\n<p>Titolare del trattamento dei dati forniti dall\u2019utente \u00e8 <strong>RM Service S.r.l. <\/strong>con sede in 24060 &#8211; Credaro (BG), Via G. Rossini n. 28, Codice Fiscale\/P. IVA: 03631100165, Tel. 035\/4260942, Fax 035\/4260939.<\/li>\n<li>\n<h4>Tipologia di dati raccolti<\/h4>\n<ol style=\"list-style-type: lower-alpha;\">\n<li><em>Dati di Navigazione<\/em><br \/>\nI sistemi e programmi informatici utilizzati per il funzionamento del sito raccolgono alcuni dati personali la cui trasmissione \u00e8 implicita nell&#8217;uso dei protocolli di comunicazione di Internet.<br \/>\nSono informazioni che, anche se non sono raccolte per essere associate agli interessati identificati, potrebbero, per loro natura, attraverso elaborazioni ed associazioni con dati detenuti da terzi, consentire di identificare gli utenti.<br \/>\nIn tale categoria di dati rientrano gli indirizzi IP o nomi a dominio dei computer utilizzati dagli utenti che si connettono al sito, gli indirizzi in notazione URI (<em>Uniform Resource Identifier<\/em>) delle risorse richieste, l&#8217;orario della richiesta, il metodo utilizzato nel sottoporre la richiesta al server, la dimensione del file ottenuto in risposta, il codice numerico indicante lo stato della risposta data dal server (buon fine, errore, ecc.) ed altri parametri relativi al sistema operativo e all&#8217;ambiente informatico dell&#8217;utente.<\/li>\n<li><em>Dati forniti volontariamente dall\u2019utente (art. 4 p.to 1 Reg. UE)<\/em><br \/>\nPer la consultazione del sito non \u00e8 richiesto alcun conferimento di dati personali da parte dell\u2019utente. Tuttavia, l\u2019invio facoltativo, esplicito e volontario dei propri dati agli indirizzi indicati su questo sito, cos\u00ec come l\u2019inserimento degli stessi nella sezione \u00ab<em>Contatti<\/em>\u00bb comporter\u00e0 l\u2019acquisizione dell\u2019indirizzo del mittente e dei dati dall\u2019utente inseriti, necessari per dar seguito alle richieste inviate.<br \/>\nSpecifiche informative verranno progressivamente riportate o visualizzate nelle pagine del sito predisposte per particolari servizi a richiesta. Invitiamo gli utenti, nelle loro richieste di servizi o nei loro quesiti, a non inviare nominativi o altri dati personali di soggetti terzi che non siano strettamente necessari.<\/li>\n<li><em>Cookie<\/em><br \/>\nPer informazioni riguardanti l&#8217;utilizzo dei cookie attraverso il presente sito si prega di leggere la cookie policy<\/li>\n<\/ol>\n<\/li>\n<li>\n<h4>Base giuridica e Finalit\u00e0 del trattamento<\/h4>\n<p>La base giuridica del trattamento dei <em>Dati di navigazione<\/em> (punto 2, lett a) \u00e8 quella di perseguire gli interessi legittimi del Titolare in relazione alla gestione del sito. In particolare i dati saranno utilizzati per le seguenti finalit\u00e0:<\/p>\n<ul class=\"dashed\">\n<li>rendere possibile l\u2019accesso e la navigazione nel sito<\/li>\n<li>raccogliere dati e informazioni in forma esclusivamente aggregata e anonima per verificare il corretto funzionamento del sito;<\/li>\n<li>raccogliere dati e informazioni al fine di tutelare la sicurezza del sito (filtri antispam, firewall, rilevazione virus) e degli utenti;<\/li>\n<li>ricavare informazioni statistiche anonime sull&#8217;uso del sito.<\/li>\n<\/ul>\n<p>In caso di illeciti informatici commessi ai danni del Sito i dati di navigazione potranno essere utilizzati anche per l&#8217;accertamento di responsabilit\u00e0.<br \/>\nI <em>Dati forniti volontariamente dall\u2019utente<\/em> (punto 2 lett. b) attraverso l\u2019invio di posta elettronica agli indirizzi indicati su questo sito sono trattati al fine di dare riscontro all\u2019interessato ed eseguire il servizio o la prestazione richiesta, ivi compresa la gestione di eventuali candidature inviate spontaneamente dall\u2019utente.<br \/>\nCon riferimento alle finalit\u00e0 del trattamento dei dati inseriti nella sezione \u00ab<em>Contatti<\/em>\u00bb si rimanda all\u2019apposita informativa ivi presente. I dati forniti non saranno ceduti a terzi senza prima avere ottenuto dall\u2019interessato il consenso effettivo ed inequivocabile al trattamento.<\/li>\n<li>\n<h4>Modalit\u00e0 del trattamento dei dati<\/h4>\n<p>I dati saranno trattati dal Titolare sia in formato elettronico che, eventualmente, in formato cartaceo, secondo principi di correttezza, liceit\u00e0 e trasparenza.<br \/>\nTale trattamento potr\u00e0 effettuarsi con o senza l\u2019ausilio di mezzi elettronici o comunque automatizzati e comprender\u00e0 tutte le operazioni previste dall\u2019art. 4, n. 2), Reg. UE (raccolta, registrazione, organizzazione, strutturazione, conservazione, adattamento o modifica, estrazione, consultazione, uso, comunicazione mediante trasmissione, diffusione o qualsiasi altra forma di messa a disposizione, raffronto o interconnessione, limitazione, cancellazione o distruzione dei dati) necessarie al trattamento in questione, ivi inclusa la comunicazione nei confronti dei soggetti elencati al successivo punto \u201c<em>Comunicazione dei dati<\/em>\u201d.<br \/>\nI dati saranno registrati e conservati sia in archivi cartacei che informatici, con sistemi organizzativi correlati alle finalit\u00e0 del trattamento. Inoltre, per proteggere i dati da distruzione o perdita (anche accidentale) nonch\u00e9 per garantirne l\u2019integrit\u00e0 e la riservatezza (anche contro l\u2019accesso o la divulgazione non autorizzati) e in generale per assicurare i diritti dell\u2019interessato, il Titolare ha adottato misure di sicurezza di natura tecnica e organizzativa, in conformit\u00e0 con quanto stabilito dal Reg. UE (con particolare riferimento agli artt. 24, 32 e 35).<\/li>\n<li>\n<h4>Comunicazione dei dati<\/h4>\n<p>Oltre al Titolare, potranno avere accesso ai dati anche soggetti interni a <strong>RM Service S.r.l.<\/strong> autorizzati al trattamento dei dati ai sensi dell\u2019art. 29 Reg. UE secondo il rispettivo profilo di competenza e per le finalit\u00e0 sopra indicate (punto 3).<br \/>\nI dati raccolti potranno, altres\u00ec, essere comunicati a soggetti esterni (ad esempio fornitori di servizi tecnici terzi, hosting provider, societ\u00e0 informatiche) espressamente nominati Responsabili del trattamento ai sensi dell\u2019art. 28 Reg. UE, che operano per conto di <strong>RM Service S.r.l. <\/strong>e secondo le sue istruzioni, ma esclusivamente per attivit\u00e0 strettamente connesse alle finalit\u00e0 sopra indicate (ad esempio per garantire l&#8217;operativit\u00e0 del servizio Internet, la gestione del sistema informatico e telematico).<\/li>\n<li>\n<h4>Diffusione dei dati<\/h4>\n<p>I dati personali raccolti per le finalit\u00e0 indicate non saranno oggetto di diffusione.<\/li>\n<li>\n<h4>Periodo di conservazione dei dati<\/h4>\n<p>I <em>dati di navigazione<\/em> (punto 2, lett. a) verranno conservati, in conformit\u00e0 a quanto previsto dalla vigente normativa in materia, per un periodo di tempo non superiore a quello necessario al conseguimento delle finalit\u00e0 per le quali essi sono trattati.<br \/>\nIl Titolare tratter\u00e0 i <em>dati forniti volontariamente dall\u2019utente<\/em> (punto 2, lett. b) per il tempo strettamente necessario a fornire il servizio richiesto e comunque non oltre un anno.<\/li>\n<li>\n<h4>Conseguenze della mancata comunicazione dei dati personali<\/h4>\n<p>I dati di navigazione raccolti nell\u2019ambito del presente trattamento (punto 2, lett. a) sono obbligatori in quanto strettamente funzionali alla gestione informatica del sito.<br \/>\nIl conferimento dei dati personali volontariamente forniti (punto 2, lett. b) \u00e8 facoltativo e finalizzato unicamente a dare seguito alle richieste dell\u2019utente; pertanto il mancato conferimento dei dati necessari render\u00e0 impossibile la risposta da parte di <strong>RM Service.<\/strong><\/li>\n<li>\n<h4>Luogo di conservazione dei dati<\/h4>\n<p>I dati personali verranno conservati presso le sedi operative del Titolare e comunque all\u2019interno dell\u2019Unione Europea.<\/li>\n<li>\n<h4>Diritti dell\u2019utente<\/h4>\n<p>L\u2019utente cui si riferiscono i dati personali ha diritto di chiedere ed ottenere, in qualunque momento, dal Titolare del trattamento, l\u2019accesso (art. 15 Reg. UE), la rettifica (art. 16 Reg. UE) e la cancellazione (c.d. \u201cdiritto all\u2019oblio\u201d) (art. 17 Reg. UE) dei propri dati personali. All\u2019utente \u00e8 altres\u00ec riconosciuto il diritto di limitazione del trattamento dei dati personali (art. 18 Reg. UE), il diritto alla portabilit\u00e0 degli stessi (art. 20 Reg. UE) nonch\u00e9 il diritto di opporsi, per motivi legittimi, al loro trattamento (art. 21 Reg. UE).<br \/>\nIn ogni caso, l\u2019utente ha diritto di proporre reclamo al Garante, come previsto dall&#8217;art. 77 Reg. UE, o di adire le opportune sedi giudiziarie ai sensi dell\u2019art. 79, Reg. UE qualora ritenga che il trattamento dei dati personali a lui riferiti sia avvenuto in violazione di quanto previsto dal Reg. UE.<\/li>\n<li>\n<h4>Modalit\u00e0 di esercizio dei diritti<\/h4>\n<p>L\u2019utente pu\u00f2 esercitare in qualsiasi momento i propri diritti inviando una e-mail all\u2019indirizzo <em><a href=\"mailto:privacy@rmservicesrl.it\">privacy@rmservicesrl.it<\/a><\/em>; un fax al numero \u00ad\u00ad\u00ad\u00ad\u00ad\u00ad\u00ad035\/4260939; una raccomandata a.r. all\u2019indirizzo:<strong> RM Service S.r.l., <\/strong>Via G. Rossini n. 28, 24060 &#8211; Credaro (BG).<\/li>\n<li>\n<h4>Modifiche alla presente Informativa<\/h4>\n<p>RM Service S.r.l.si riserva il diritto di modificare la presente Informativa. La data indicata all\u2019inizio dell\u2019Informativa indica la data dell\u2019ultimo aggiornamento. In caso di modifiche sostanziali, verr\u00e0 fornito un avviso attraverso il Sito web, o con altri mezzi, per dare l\u2019opportunit\u00e0 all\u2019utente di verificare le modifiche prima che assumano efficacia.<\/li>\n<\/ol>\n<p><\/p>","protected":false},"excerpt":{"rendered":"<p>(Versione aggiornata al 25 maggio 2018) Informativa ai sensi dell&#8217;art. 13 del Regolamento UE 2016\/679 Gentile Utente, RM Service S.r.l. [&hellip;]<\/p>\n","protected":false},"author":1,"featured_media":0,"parent":0,"menu_order":0,"comment_status":"closed","ping_status":"closed","template":"","meta":{"_acf_changed":false,"footnotes":""},"class_list":["post-234","page","type-page","status-publish","hentry"],"acf":[],"_links":{"self":[{"href":"https:\/\/www.rmservicesrl.it\/it\/wp-json\/wp\/v2\/pages\/234","targetHints":{"allow":["GET"]}}],"collection":[{"href":"https:\/\/www.rmservicesrl.it\/it\/wp-json\/wp\/v2\/pages"}],"about":[{"href":"https:\/\/www.rmservicesrl.it\/it\/wp-json\/wp\/v2\/types\/page"}],"author":[{"embeddable":true,"href":"https:\/\/www.rmservicesrl.it\/it\/wp-json\/wp\/v2\/users\/1"}],"replies":[{"embeddable":true,"href":"https:\/\/www.rmservicesrl.it\/it\/wp-json\/wp\/v2\/comments?post=234"}],"version-history":[{"count":5,"href":"https:\/\/www.rmservicesrl.it\/it\/wp-json\/wp\/v2\/pages\/234\/revisions"}],"predecessor-version":[{"id":275,"href":"https:\/\/www.rmservicesrl.it\/it\/wp-json\/wp\/v2\/pages\/234\/revisions\/275"}],"wp:attachment":[{"href":"https:\/\/www.rmservicesrl.it\/it\/wp-json\/wp\/v2\/media?parent=234"}],"curies":[{"name":"wp","href":"https:\/\/api.w.org\/{rel}","templated":true}]}}