
{"id":11,"date":"2011-02-16T15:33:16","date_gmt":"2011-02-16T15:33:16","guid":{"rendered":"http:\/\/www.rmservicesrl.it\/"},"modified":"2014-07-16T10:04:45","modified_gmt":"2014-07-16T10:04:45","slug":"manutenzione","status":"publish","type":"page","link":"https:\/\/www.rmservicesrl.it\/it\/manutenzione\/","title":{"rendered":"Manutenzione"},"content":{"rendered":"<p><\/p>\n<h1 style=\"text-align: center;\">Alcune delle fasi d\u2019intervento di manutenzione sugli scambiatori di calore<\/h1>\n<table border=\"0\">\n<tbody>\n<tr class=\"title\">\n<td class=\"uno\">Smontaggio e verifica<\/td>\n<td class=\"due\">Pulizia in loco<br \/>del pacco piastre<\/td>\n<td class=\"tre\">Prova di tenuta<br \/>su scambiatore rigenerato<\/td>\n<\/tr>\n<tr class=\"image\">\n<td><a href=\"http:\/\/www.rmservicesrl.it\/wp-content\/uploads\/2011\/02\/manutenzione-1-big.jpg\" class=\"colorbox\" rel=\"manutenzione\"><img loading=\"lazy\" decoding=\"async\" src=\"http:\/\/www.rmservicesrl.it\/wp-content\/uploads\/2011\/02\/manutenzione-1.jpg\" alt=\"Smontaggio e verifica\"  width=\"286\" height=\"225\"  \/><\/a><\/td>\n<td><a href=\"http:\/\/www.rmservicesrl.it\/wp-content\/uploads\/2011\/02\/manutenzione-2-big.jpg\" class=\"colorbox\" rel=\"manutenzione\"><img loading=\"lazy\" decoding=\"async\" src=\"http:\/\/www.rmservicesrl.it\/wp-content\/uploads\/2011\/02\/manutenzione-2.jpg\" alt=\"Pulizia in loco del pacco piastre\"  width=\"286\" height=\"225\"  \/><\/a><\/td>\n<td><a href=\"http:\/\/www.rmservicesrl.it\/wp-content\/uploads\/2011\/02\/manutenzione-3-big.jpg\" class=\"colorbox\" rel=\"manutenzione\"><img loading=\"lazy\" decoding=\"async\" src=\"http:\/\/www.rmservicesrl.it\/wp-content\/uploads\/2011\/02\/manutenzione-3.jpg\" alt=\"Prova di tenuta su scambiatore rigenerato\"  width=\"286\" height=\"225\"  \/><\/a><\/td>\n<\/tr>\n<tr class=\"description\">\n<td>Prima di procedere alla manutenzione gli scambiatori possono subire un ciclo di bonifica al fine di rendere inerti i residui dei prodotti contenuti negli impianti.<\/td>\n<td>Successivamente si procede alle fasi precedentemente descritte di lavaggio, controllo delle piastre e montaggio delle guarnizioni. Terminata l\u2019attivit\u00e0 di controllo delle piastre, prima del riassemblaggio dello scambiatore potr\u00e0 essere necessario intervenire su alcuni particolari del telaio al fine di ripristinare la loro funzionalit\u00e0.<\/td>\n<td>Chiusura del pacco piastre e verifica della tenuta dello scambiatore attraverso realizzazione di prova idraulica condotta alla pressione di progetto. Al termine della prova viene redatto un certificato di collaudo.<\/td>\n<\/tr>\n<\/tbody>\n<\/table>\n<p><\/p>","protected":false},"excerpt":{"rendered":"<p>Alcune delle fasi d\u2019intervento di manutenzione sugli scambiatori di calore Smontaggio e verifica Pulizia in locodel pacco piastre Prova di [&hellip;]<\/p>\n","protected":false},"author":1,"featured_media":0,"parent":0,"menu_order":40,"comment_status":"open","ping_status":"open","template":"","meta":{"_acf_changed":false,"footnotes":""},"class_list":["post-11","page","type-page","status-publish","hentry"],"acf":[],"_links":{"self":[{"href":"https:\/\/www.rmservicesrl.it\/it\/wp-json\/wp\/v2\/pages\/11","targetHints":{"allow":["GET"]}}],"collection":[{"href":"https:\/\/www.rmservicesrl.it\/it\/wp-json\/wp\/v2\/pages"}],"about":[{"href":"https:\/\/www.rmservicesrl.it\/it\/wp-json\/wp\/v2\/types\/page"}],"author":[{"embeddable":true,"href":"https:\/\/www.rmservicesrl.it\/it\/wp-json\/wp\/v2\/users\/1"}],"replies":[{"embeddable":true,"href":"https:\/\/www.rmservicesrl.it\/it\/wp-json\/wp\/v2\/comments?post=11"}],"version-history":[{"count":0,"href":"https:\/\/www.rmservicesrl.it\/it\/wp-json\/wp\/v2\/pages\/11\/revisions"}],"wp:attachment":[{"href":"https:\/\/www.rmservicesrl.it\/it\/wp-json\/wp\/v2\/media?parent=11"}],"curies":[{"name":"wp","href":"https:\/\/api.w.org\/{rel}","templated":true}]}}